{"id":1116,"date":"2025-06-13T12:21:51","date_gmt":"2025-06-13T12:21:51","guid":{"rendered":"https:\/\/www.orchestrawine.it\/bientot-disponible\/"},"modified":"2026-02-21T12:59:10","modified_gmt":"2026-02-21T12:59:10","slug":"bientot-disponible","status":"publish","type":"page","link":"https:\/\/www.orchestrawine.it\/fr\/bientot-disponible\/","title":{"rendered":"Bient\u00f4t disponible"},"content":{"rendered":"\t\t<div data-elementor-type=\"wp-page\" data-elementor-id=\"1116\" class=\"elementor elementor-1116\" data-elementor-post-type=\"page\">\n\t\t\t\t<div class=\"elementor-element elementor-element-121b997 e-flex e-con-boxed e-con e-parent\" data-id=\"121b997\" data-element_type=\"container\" data-e-type=\"container\" id=\"ilvino\" data-settings=\"{&quot;background_background&quot;:&quot;classic&quot;}\">\n\t\t\t\t\t<div class=\"e-con-inner\">\n\t\t<div class=\"elementor-element elementor-element-ddfa5a4 e-con-full e-flex e-con e-child\" data-id=\"ddfa5a4\" data-element_type=\"container\" data-e-type=\"container\">\n\t\t\t\t<div class=\"elementor-element elementor-element-8dfb3fc elementor-widget elementor-widget-theme-site-logo elementor-widget-image\" data-id=\"8dfb3fc\" data-element_type=\"widget\" data-e-type=\"widget\" data-widget_type=\"theme-site-logo.default\">\n\t\t\t\t<div class=\"elementor-widget-container\">\n\t\t\t\t\t\t\t\t\t\t\t<a href=\"https:\/\/www.orchestrawine.it\/fr\/\">\n\t\t\t<img fetchpriority=\"high\" decoding=\"async\" width=\"1200\" height=\"1148\" src=\"https:\/\/www.orchestrawine.it\/wp-content\/uploads\/2025\/05\/logo_orchestrawine_Tavola-disegno-1-1-scaled-e1746771344490.png\" class=\"attachment-full size-full wp-image-28\" alt=\"\" \/>\t\t\t\t<\/a>\n\t\t\t\t\t\t\t\t\t\t\t<\/div>\n\t\t\t\t<\/div>\n\t\t\t\t<div class=\"elementor-element elementor-element-e4689d4 elementor-countdown--label-block elementor-widget elementor-widget-countdown\" data-id=\"e4689d4\" data-element_type=\"widget\" data-e-type=\"widget\" data-widget_type=\"countdown.default\">\n\t\t\t\t<div class=\"elementor-widget-container\">\n\t\t\t\t\t\t\t<div data-expire-actions=\"[{&quot;type&quot;:&quot;redirect&quot;,&quot;redirect_url&quot;:&quot;https:\\\/\\\/www.orchestrawine.it\\\/homepage\\\/&quot;}]\" class=\"elementor-countdown-wrapper\" data-date=\"1750611600\">\n\t\t\t<div class=\"elementor-countdown-item\"><span class=\"elementor-countdown-digits elementor-countdown-days\"><\/span> <span class=\"elementor-countdown-label\">Jours<\/span><\/div><div class=\"elementor-countdown-item\"><span class=\"elementor-countdown-digits elementor-countdown-hours\"><\/span> <span class=\"elementor-countdown-label\">Heures<\/span><\/div><div class=\"elementor-countdown-item\"><span class=\"elementor-countdown-digits elementor-countdown-minutes\"><\/span> <span class=\"elementor-countdown-label\">Minutes<\/span><\/div><div class=\"elementor-countdown-item\"><span class=\"elementor-countdown-digits elementor-countdown-seconds\"><\/span> <span class=\"elementor-countdown-label\">Secondes<\/span><\/div>\t\t<\/div>\n\t\t\t\t\t\t<\/div>\n\t\t\t\t<\/div>\n\t\t\t\t<div class=\"elementor-element elementor-element-5e55c1c elementor-widget elementor-widget-text-editor\" data-id=\"5e55c1c\" data-element_type=\"widget\" data-e-type=\"widget\" data-widget_type=\"text-editor.default\">\n\t\t\t\t<div class=\"elementor-widget-container\">\n\t\t\t\t\t\t\t\t\t<p data-start=\"1831\" data-end=\"2084\">Notre site sera en ligne le dimanche 22 juin \u00e0 19h00, \u00e0 l\u2019occasion de la pr\u00e9sentation du projet Orchestra Wine \u00e0 la Zecca di Correggio (RE) <a tabindex=\"0\" href=\"https:\/\/www.google.com\/maps\/place\/\/data=!4m2!3m1!1s0x477ff50c17df3dab:0x196e88a759b4069e?sa=X&amp;ved=1t:8290&amp;ictx=111\" data-url=\"\/maps\/place\/\/data=!4m2!3m1!1s0x477ff50c17df3dab:0x196e88a759b4069e?sa=X&amp;ved=2ahUKEwi404_ytO6NAxWwzgIHHb8kC3IQ4kB6BAgHEAA\">Piazza Garibaldi, 5A, 42015 Correggio RE<\/a>, o\u00f9 vous \u00eates invit\u00e9s \u00e0 d\u00e9couvrir et d\u00e9guster notre premier vin, le Sorbara Vivace 124. <\/p><p data-start=\"1831\" data-end=\"2084\"> <\/p><hr><p data-start=\"1831\" data-end=\"2084\"> <\/p><p data-start=\"1831\" data-end=\"2084\">Notre site web sera mis en ligne le dimanche 22 juin \u00e0 19h00, \u00e0 l\u2019occasion de la pr\u00e9sentation du projet Orchestra Wine \u00e0 la Zecca di Correggio (RE), Piazza Garibaldi 5A, 42015 Correggio (RE).<br data-start=\"260\" data-end=\"263\">Vous \u00eates chaleureusement invit\u00e9s \u00e0 nous rejoindre pour d\u00e9couvrir et d\u00e9guster notre premier vin : <em data-start=\"335\" data-end=\"355\">Sorbara Vivace 124<\/em>.<\/p>\t\t\t\t\t\t\t\t<\/div>\n\t\t\t\t<\/div>\n\t\t\t\t<\/div>\n\t\t\t\t\t<\/div>\n\t\t\t\t<\/div>\n\t\t\t\t<\/div>\n\t\t","protected":false},"excerpt":{"rendered":"<p>Giorni Ore Minuti Secondi Notre site sera en ligne le dimanche 22 juin \u00e0 19h00, \u00e0 l\u2019occasion de la pr\u00e9sentation du projet Orchestra Wine \u00e0 la Zecca di Correggio (RE) Piazza Garibaldi, 5A, 42015 Correggio RE, o\u00f9 vous \u00eates invit\u00e9s \u00e0 d\u00e9couvrir et d\u00e9guster notre premier vin, le Sorbara Vivace 124. Notre site web sera [&hellip;]<\/p>\n","protected":false},"author":1,"featured_media":0,"parent":0,"menu_order":0,"comment_status":"closed","ping_status":"closed","template":"elementor_canvas","meta":{"footnotes":""},"class_list":["post-1116","page","type-page","status-publish","hentry"],"yoast_head":"<!-- This site is optimized with the Yoast SEO plugin v27.5 - https:\/\/yoast.com\/product\/yoast-seo-wordpress\/ -->\n<title>Bient\u00f4t disponible - Orchestra Wine<\/title>\n<meta name=\"robots\" content=\"index, follow, max-snippet:-1, max-image-preview:large, max-video-preview:-1\" \/>\n<link rel=\"canonical\" href=\"https:\/\/www.orchestrawine.it\/fr\/bientot-disponible\/\" \/>\n<meta property=\"og:locale\" content=\"fr_FR\" \/>\n<meta property=\"og:type\" content=\"article\" \/>\n<meta property=\"og:title\" content=\"Bient\u00f4t disponible - Orchestra Wine\" \/>\n<meta property=\"og:description\" content=\"Giorni Ore Minuti Secondi Notre site sera en ligne le dimanche 22 juin \u00e0 19h00, \u00e0 l\u2019occasion de la pr\u00e9sentation du projet Orchestra Wine \u00e0 la Zecca di Correggio (RE) Piazza Garibaldi, 5A, 42015 Correggio RE, o\u00f9 vous \u00eates invit\u00e9s \u00e0 d\u00e9couvrir et d\u00e9guster notre premier vin, le Sorbara Vivace 124. Notre site web sera [&hellip;]\" \/>\n<meta property=\"og:url\" content=\"https:\/\/www.orchestrawine.it\/fr\/bientot-disponible\/\" \/>\n<meta property=\"og:site_name\" content=\"Orchestra Wine\" \/>\n<meta property=\"article:modified_time\" content=\"2026-02-21T12:59:10+00:00\" \/>\n<meta name=\"twitter:card\" content=\"summary_large_image\" \/>\n<script type=\"application\/ld+json\" class=\"yoast-schema-graph\">{\"@context\":\"https:\\\/\\\/schema.org\",\"@graph\":[{\"@type\":\"WebPage\",\"@id\":\"https:\\\/\\\/www.orchestrawine.it\\\/fr\\\/bientot-disponible\\\/\",\"url\":\"https:\\\/\\\/www.orchestrawine.it\\\/fr\\\/bientot-disponible\\\/\",\"name\":\"Bient\u00f4t disponible - Orchestra Wine\",\"isPartOf\":{\"@id\":\"https:\\\/\\\/www.orchestrawine.it\\\/fr\\\/#website\"},\"datePublished\":\"2025-06-13T12:21:51+00:00\",\"dateModified\":\"2026-02-21T12:59:10+00:00\",\"breadcrumb\":{\"@id\":\"https:\\\/\\\/www.orchestrawine.it\\\/fr\\\/bientot-disponible\\\/#breadcrumb\"},\"inLanguage\":\"fr-FR\",\"potentialAction\":[{\"@type\":\"ReadAction\",\"target\":[\"https:\\\/\\\/www.orchestrawine.it\\\/fr\\\/bientot-disponible\\\/\"]}]},{\"@type\":\"BreadcrumbList\",\"@id\":\"https:\\\/\\\/www.orchestrawine.it\\\/fr\\\/bientot-disponible\\\/#breadcrumb\",\"itemListElement\":[{\"@type\":\"ListItem\",\"position\":1,\"name\":\"Accueil\",\"item\":\"https:\\\/\\\/www.orchestrawine.it\\\/fr\\\/homepage\\\/\"},{\"@type\":\"ListItem\",\"position\":2,\"name\":\"Bient\u00f4t disponible\"}]},{\"@type\":\"WebSite\",\"@id\":\"https:\\\/\\\/www.orchestrawine.it\\\/fr\\\/#website\",\"url\":\"https:\\\/\\\/www.orchestrawine.it\\\/fr\\\/\",\"name\":\"Orchestra Wine\",\"description\":\"Nos vins\",\"publisher\":{\"@id\":\"https:\\\/\\\/www.orchestrawine.it\\\/fr\\\/#organization\"},\"potentialAction\":[{\"@type\":\"SearchAction\",\"target\":{\"@type\":\"EntryPoint\",\"urlTemplate\":\"https:\\\/\\\/www.orchestrawine.it\\\/fr\\\/?s={search_term_string}\"},\"query-input\":{\"@type\":\"PropertyValueSpecification\",\"valueRequired\":true,\"valueName\":\"search_term_string\"}}],\"inLanguage\":\"fr-FR\"},{\"@type\":\"Organization\",\"@id\":\"https:\\\/\\\/www.orchestrawine.it\\\/fr\\\/#organization\",\"name\":\"Orchestra Wine\",\"url\":\"https:\\\/\\\/www.orchestrawine.it\\\/fr\\\/\",\"logo\":{\"@type\":\"ImageObject\",\"inLanguage\":\"fr-FR\",\"@id\":\"https:\\\/\\\/www.orchestrawine.it\\\/fr\\\/#\\\/schema\\\/logo\\\/image\\\/\",\"url\":\"https:\\\/\\\/www.orchestrawine.it\\\/wp-content\\\/uploads\\\/2025\\\/05\\\/logo_orchestrawine_Tavola-disegno-1-1-scaled-e1746771344490.png\",\"contentUrl\":\"https:\\\/\\\/www.orchestrawine.it\\\/wp-content\\\/uploads\\\/2025\\\/05\\\/logo_orchestrawine_Tavola-disegno-1-1-scaled-e1746771344490.png\",\"width\":1200,\"height\":1148,\"caption\":\"Orchestra Wine\"},\"image\":{\"@id\":\"https:\\\/\\\/www.orchestrawine.it\\\/fr\\\/#\\\/schema\\\/logo\\\/image\\\/\"}}]}<\/script>\n<!-- \/ Yoast SEO plugin. -->","yoast_head_json":{"title":"Bient\u00f4t disponible - Orchestra Wine","robots":{"index":"index","follow":"follow","max-snippet":"max-snippet:-1","max-image-preview":"max-image-preview:large","max-video-preview":"max-video-preview:-1"},"canonical":"https:\/\/www.orchestrawine.it\/fr\/bientot-disponible\/","og_locale":"fr_FR","og_type":"article","og_title":"Bient\u00f4t disponible - Orchestra Wine","og_description":"Giorni Ore Minuti Secondi Notre site sera en ligne le dimanche 22 juin \u00e0 19h00, \u00e0 l\u2019occasion de la pr\u00e9sentation du projet Orchestra Wine \u00e0 la Zecca di Correggio (RE) Piazza Garibaldi, 5A, 42015 Correggio RE, o\u00f9 vous \u00eates invit\u00e9s \u00e0 d\u00e9couvrir et d\u00e9guster notre premier vin, le Sorbara Vivace 124. Notre site web sera [&hellip;]","og_url":"https:\/\/www.orchestrawine.it\/fr\/bientot-disponible\/","og_site_name":"Orchestra Wine","article_modified_time":"2026-02-21T12:59:10+00:00","twitter_card":"summary_large_image","schema":{"@context":"https:\/\/schema.org","@graph":[{"@type":"WebPage","@id":"https:\/\/www.orchestrawine.it\/fr\/bientot-disponible\/","url":"https:\/\/www.orchestrawine.it\/fr\/bientot-disponible\/","name":"Bient\u00f4t disponible - Orchestra Wine","isPartOf":{"@id":"https:\/\/www.orchestrawine.it\/fr\/#website"},"datePublished":"2025-06-13T12:21:51+00:00","dateModified":"2026-02-21T12:59:10+00:00","breadcrumb":{"@id":"https:\/\/www.orchestrawine.it\/fr\/bientot-disponible\/#breadcrumb"},"inLanguage":"fr-FR","potentialAction":[{"@type":"ReadAction","target":["https:\/\/www.orchestrawine.it\/fr\/bientot-disponible\/"]}]},{"@type":"BreadcrumbList","@id":"https:\/\/www.orchestrawine.it\/fr\/bientot-disponible\/#breadcrumb","itemListElement":[{"@type":"ListItem","position":1,"name":"Accueil","item":"https:\/\/www.orchestrawine.it\/fr\/homepage\/"},{"@type":"ListItem","position":2,"name":"Bient\u00f4t disponible"}]},{"@type":"WebSite","@id":"https:\/\/www.orchestrawine.it\/fr\/#website","url":"https:\/\/www.orchestrawine.it\/fr\/","name":"Orchestra Wine","description":"Nos vins","publisher":{"@id":"https:\/\/www.orchestrawine.it\/fr\/#organization"},"potentialAction":[{"@type":"SearchAction","target":{"@type":"EntryPoint","urlTemplate":"https:\/\/www.orchestrawine.it\/fr\/?s={search_term_string}"},"query-input":{"@type":"PropertyValueSpecification","valueRequired":true,"valueName":"search_term_string"}}],"inLanguage":"fr-FR"},{"@type":"Organization","@id":"https:\/\/www.orchestrawine.it\/fr\/#organization","name":"Orchestra Wine","url":"https:\/\/www.orchestrawine.it\/fr\/","logo":{"@type":"ImageObject","inLanguage":"fr-FR","@id":"https:\/\/www.orchestrawine.it\/fr\/#\/schema\/logo\/image\/","url":"https:\/\/www.orchestrawine.it\/wp-content\/uploads\/2025\/05\/logo_orchestrawine_Tavola-disegno-1-1-scaled-e1746771344490.png","contentUrl":"https:\/\/www.orchestrawine.it\/wp-content\/uploads\/2025\/05\/logo_orchestrawine_Tavola-disegno-1-1-scaled-e1746771344490.png","width":1200,"height":1148,"caption":"Orchestra Wine"},"image":{"@id":"https:\/\/www.orchestrawine.it\/fr\/#\/schema\/logo\/image\/"}}]}},"_links":{"self":[{"href":"https:\/\/www.orchestrawine.it\/fr\/wp-json\/wp\/v2\/pages\/1116","targetHints":{"allow":["GET"]}}],"collection":[{"href":"https:\/\/www.orchestrawine.it\/fr\/wp-json\/wp\/v2\/pages"}],"about":[{"href":"https:\/\/www.orchestrawine.it\/fr\/wp-json\/wp\/v2\/types\/page"}],"author":[{"embeddable":true,"href":"https:\/\/www.orchestrawine.it\/fr\/wp-json\/wp\/v2\/users\/1"}],"replies":[{"embeddable":true,"href":"https:\/\/www.orchestrawine.it\/fr\/wp-json\/wp\/v2\/comments?post=1116"}],"version-history":[{"count":1,"href":"https:\/\/www.orchestrawine.it\/fr\/wp-json\/wp\/v2\/pages\/1116\/revisions"}],"predecessor-version":[{"id":1117,"href":"https:\/\/www.orchestrawine.it\/fr\/wp-json\/wp\/v2\/pages\/1116\/revisions\/1117"}],"wp:attachment":[{"href":"https:\/\/www.orchestrawine.it\/fr\/wp-json\/wp\/v2\/media?parent=1116"}],"curies":[{"name":"wp","href":"https:\/\/api.w.org\/{rel}","templated":true}]}}